{"id":3,"date":"2020-11-13T13:09:39","date_gmt":"2020-11-13T13:09:39","guid":{"rendered":"https:\/\/ccl-laos.org\/?page_id=3"},"modified":"2026-03-22T00:08:42","modified_gmt":"2026-03-21T17:08:42","slug":"privacy-policy","status":"publish","type":"page","link":"https:\/\/ccl-laos.org\/fr\/privacy-policy\/","title":{"rendered":"\u00ab Politique de confidentialit\u00e9 \u00bb"},"content":{"rendered":"<style><\/style>\t\t<div data-elementor-type=\"wp-page\" data-elementor-id=\"3\" class=\"elementor elementor-3\" data-elementor-settings=\"{&quot;jkit_pro_custom_cursor_toggle&quot;:false,&quot;ha_cmc_init_switcher&quot;:&quot;no&quot;}\" data-elementor-post-type=\"page\">\n\t\t\t\t\t\t<section class=\"elementor-section elementor-top-section elementor-element elementor-element-246a8ad8 elementor-section-boxed elementor-section-height-default elementor-section-height-default\" data-id=\"246a8ad8\" data-element_type=\"section\" data-e-type=\"section\" data-settings=\"{&quot;jet_parallax_layout_list&quot;:[],&quot;jkit_pro_background_motion_effects_toggle&quot;:0,&quot;_ha_eqh_enable&quot;:false,&quot;jkit_pro_custom_cursor_toggle&quot;:false,&quot;jkit_pro_parallax_effects_toggle&quot;:0,&quot;jkit_pro_mouse_effects_toggle&quot;:0}\">\n\t\t\t\t\t\t<div class=\"elementor-container elementor-column-gap-default\">\n\t\t\t\t\t<div class=\"elementor-column elementor-col-100 elementor-top-column elementor-element elementor-element-577fa283\" data-id=\"577fa283\" data-element_type=\"column\" data-e-type=\"column\" data-settings=\"{&quot;jkit_pro_background_motion_effects_toggle&quot;:0,&quot;jkit_pro_custom_cursor_toggle&quot;:false,&quot;jkit_pro_parallax_effects_toggle&quot;:0,&quot;jkit_pro_mouse_effects_toggle&quot;:0}\">\n\t\t\t<div class=\"elementor-widget-wrap elementor-element-populated\">\n\t\t\t\t\t\t<div class=\"elementor-element elementor-element-1b013b4c elementor-widget elementor-widget-text-editor\" data-id=\"1b013b4c\" data-element_type=\"widget\" data-e-type=\"widget\" data-settings=\"{&quot;jkit_pro_custom_cursor_toggle&quot;:false,&quot;jkit_pro_parallax_effects_toggle&quot;:0,&quot;jkit_pro_mouse_effects_toggle&quot;:0}\" data-widget_type=\"text-editor.default\">\n\t\t\t\t<div class=\"elementor-widget-container\">\n\t\t\t\t\t\t\t\t\t\n<p style=\"text-align: center;\"><strong>POLITIQUE DE CONFIDENTIALITE<\/strong><\/p>\n<p>\u00a0<\/p>\n<p><b>RESPONSABLE DU TRAITEMENT<\/b><\/p>\n<p><b>Comit\u00e9 de Coop\u00e9ration avec le Laos (CCL)<\/b><br \/>Association fran\u00e7aise de loi 1901 reconnue d\u2019int\u00e9r\u00eat g\u00e9n\u00e9ral<br \/>Si\u00e8ge social : 3 impasse Bourgoin, 75013 Paris, France<br \/>Email: &#x70;&#97;&#114;i&#x73;&#x40;&#99;c&#x6c;&#x2d;&#108;a&#x6f;&#x73;&#46;o&#x72;&#x67;<\/p>\n<p><b>INFORMATION SUR L\u2019UTILISATION DE VOS DONNEES PERSONNELLES<\/b><\/p>\n<p>Conform\u00e9ment \u00e0 la r\u00e9glementation applicable en mati\u00e8re de protection des donn\u00e9es personnelles, notamment la loi \u00ab Informatique et Libert\u00e9s \u00bb du 6 janvier 1978 modifi\u00e9e et le R\u00e8glement G\u00e9n\u00e9ral sur la Protection des Donn\u00e9es (RGPD), le Comit\u00e9 de Coop\u00e9ration avec le Laos vous informe que les donn\u00e9es personnelles recueillies via son site internet sont enregistr\u00e9es dans un fichier informatis\u00e9 et s\u00e9curis\u00e9.<\/p>\n<p>Ces donn\u00e9es sont utilis\u00e9es exclusivement pour assurer la communication associative du CCL, notamment l\u2019envoi d\u2019informations, d\u2019invitations aux conf\u00e9rences, assembl\u00e9es g\u00e9n\u00e9rales et autres \u00e9v\u00e9nements de la vie associative, ainsi que pour la gestion de la newsletter et des relations avec les donateurs.<\/p>\n<p>Le CCL peut \u00e9galement \u00eatre amen\u00e9 \u00e0 diffuser, par ses propres moyens de communication, des informations relatives \u00e0 des \u00e9v\u00e9nements organis\u00e9s par d\u2019autres associations en lien avec le Laos, sans que les donn\u00e9es personnelles ne soient transmises \u00e0 ces structures.<\/p>\n<p><b>DONS EN LIGNE<\/b><\/p>\n<p>Les dons effectu\u00e9s sur le site du CCL sont r\u00e9alis\u00e9s via la plateforme s\u00e9curis\u00e9e <b>HelloAsso<\/b>.<br \/>Le CCL n\u2019a pas acc\u00e8s aux donn\u00e9es bancaires des donateurs. Les traitements li\u00e9s aux paiements sont soumis \u00e0 la politique de confidentialit\u00e9 propre \u00e0 HelloAsso.<\/p>\n<p><b>DESTINATAIRES ET CONSERVATION DES DONNEES<\/b><\/p>\n<p>Les donn\u00e9es personnelles sont destin\u00e9es exclusivement au CCL et sont accessibles uniquement aux personnes habilit\u00e9es au sein de l\u2019association. Elles ne font l\u2019objet d\u2019aucune cession, vente ou \u00e9change avec des tiers.<\/p>\n<p>Les donn\u00e9es sont conserv\u00e9es pendant une dur\u00e9e strictement limit\u00e9e aux finalit\u00e9s pour lesquelles elles ont \u00e9t\u00e9 collect\u00e9es et peuvent \u00eatre supprim\u00e9es \u00e0 tout moment sur simple demande.<\/p>\n<p><b>BASE LEGALE DU TRAITEMENT<\/b><\/p>\n<p>La collecte et le traitement des donn\u00e9es personnelles reposent sur le consentement des personnes concern\u00e9es, lequel peut \u00eatre retir\u00e9 \u00e0 tout moment.<\/p>\n<p><b>VOS DROITS<\/b><\/p>\n<p>Conform\u00e9ment au RGPD, vous disposez d\u2019un droit d\u2019acc\u00e8s, de rectification, d\u2019effacement, d\u2019opposition et de limitation du traitement de vos donn\u00e9es personnelles.<\/p>\n<p>Pour exercer vos droits ou pour toute information compl\u00e9mentaire, vous pouvez contacter le CCL \u00e0 l\u2019adresse suivante : <b>&#112;&#97;&#x72;i&#115;&#x40;&#x63;c&#108;&#x2d;&#x6c;a&#111;&#x73;&#x2e;o&#114;&#x67;<\/b><b><\/b><\/p>\n<p>Si, apr\u00e8s nous avoir contact\u00e9s, vous estimez que vos droits ne sont pas respect\u00e9s, vous pouvez introduire une r\u00e9clamation aupr\u00e8s de la CNIL <a href=\"http:\/\/www.cnil.fr\" rel=\"noopener\">(http:\/\/www.cnil.fr).<\/a>.<\/p>\n\t\t\t\t\t\t\t\t<\/div>\n\t\t\t\t<\/div>\n\t\t\t\t\t<\/div>\n\t\t<\/div>\n\t\t\t\t\t<\/div>\n\t\t<\/section>\n\t\t\t\t<\/div>","protected":false},"excerpt":{"rendered":"<p>PRIVACY POLICY \u00a0 DATA CONTROLLER Comit\u00e9 de Coop\u00e9ration avec le Laos (CCL)French non-profit association governed by the Law of 1901 and recognized as being of public interestRegistered office: 3 impasse Bourgoin, 75013 Paris, FranceEmail: &#x70;&#x61;&#114;i&#x73;&#x40;&#99;cl&#x2d;&#x6c;&#97;o&#x73;&#x2e;&#111;&#114;g INFORMATION ON THE USE OF YOUR PERSONAL DATA In accordance with applicable regulations on the protection of personal data, in [&hellip;]<\/p>","protected":false},"author":11,"featured_media":0,"parent":0,"menu_order":0,"comment_status":"closed","ping_status":"open","template":"","meta":{"_acf_changed":false,"footnotes":""},"class_list":["post-3","page","type-page","status-publish","hentry"],"acf":[],"_links":{"self":[{"href":"https:\/\/ccl-laos.org\/fr\/wp-json\/wp\/v2\/pages\/3","targetHints":{"allow":["GET"]}}],"collection":[{"href":"https:\/\/ccl-laos.org\/fr\/wp-json\/wp\/v2\/pages"}],"about":[{"href":"https:\/\/ccl-laos.org\/fr\/wp-json\/wp\/v2\/types\/page"}],"author":[{"embeddable":true,"href":"https:\/\/ccl-laos.org\/fr\/wp-json\/wp\/v2\/users\/11"}],"replies":[{"embeddable":true,"href":"https:\/\/ccl-laos.org\/fr\/wp-json\/wp\/v2\/comments?post=3"}],"version-history":[{"count":7,"href":"https:\/\/ccl-laos.org\/fr\/wp-json\/wp\/v2\/pages\/3\/revisions"}],"predecessor-version":[{"id":11145,"href":"https:\/\/ccl-laos.org\/fr\/wp-json\/wp\/v2\/pages\/3\/revisions\/11145"}],"wp:attachment":[{"href":"https:\/\/ccl-laos.org\/fr\/wp-json\/wp\/v2\/media?parent=3"}],"curies":[{"name":"wp","href":"https:\/\/api.w.org\/{rel}","templated":true}]}}