{"id":10961,"date":"2026-03-16T04:08:59","date_gmt":"2026-03-15T21:08:59","guid":{"rendered":"https:\/\/ccl-laos.org\/?page_id=10961"},"modified":"2026-03-22T00:17:03","modified_gmt":"2026-03-21T17:17:03","slug":"legal-notice","status":"publish","type":"page","link":"https:\/\/ccl-laos.org\/fr\/legal-notice\/","title":{"rendered":"Legal notice"},"content":{"rendered":"<style><\/style>\t\t<div data-elementor-type=\"wp-page\" data-elementor-id=\"10961\" class=\"elementor elementor-10961\" data-elementor-settings=\"{&quot;jkit_pro_custom_cursor_toggle&quot;:false,&quot;ha_cmc_init_switcher&quot;:&quot;no&quot;}\" data-elementor-post-type=\"page\">\n\t\t\t\t\t\t<section class=\"elementor-section elementor-top-section elementor-element elementor-element-2eb21c31 elementor-section-boxed elementor-section-height-default elementor-section-height-default\" data-id=\"2eb21c31\" data-element_type=\"section\" data-e-type=\"section\" data-settings=\"{&quot;jet_parallax_layout_list&quot;:[],&quot;jkit_pro_background_motion_effects_toggle&quot;:0,&quot;_ha_eqh_enable&quot;:false,&quot;jkit_pro_custom_cursor_toggle&quot;:false,&quot;jkit_pro_parallax_effects_toggle&quot;:0,&quot;jkit_pro_mouse_effects_toggle&quot;:0}\">\n\t\t\t\t\t\t<div class=\"elementor-container elementor-column-gap-default\">\n\t\t\t\t\t<div class=\"elementor-column elementor-col-100 elementor-top-column elementor-element elementor-element-5e52c972\" data-id=\"5e52c972\" data-element_type=\"column\" data-e-type=\"column\" data-settings=\"{&quot;jkit_pro_background_motion_effects_toggle&quot;:0,&quot;jkit_pro_custom_cursor_toggle&quot;:false,&quot;jkit_pro_parallax_effects_toggle&quot;:0,&quot;jkit_pro_mouse_effects_toggle&quot;:0}\">\n\t\t\t<div class=\"elementor-widget-wrap elementor-element-populated\">\n\t\t\t\t\t\t<div class=\"elementor-element elementor-element-5be7bffa elementor-widget elementor-widget-text-editor\" data-id=\"5be7bffa\" data-element_type=\"widget\" data-e-type=\"widget\" data-settings=\"{&quot;jkit_pro_custom_cursor_toggle&quot;:false,&quot;jkit_pro_parallax_effects_toggle&quot;:0,&quot;jkit_pro_mouse_effects_toggle&quot;:0}\" data-widget_type=\"text-editor.default\">\n\t\t\t\t<div class=\"elementor-widget-container\">\n\t\t\t\t\t\t\t\t\t<p style=\"text-align: center;\"><strong>MENTIONS LEGALES<\/strong><\/p><p>\u00a0<\/p><p><b>EDITEUR DU SITE<\/b><\/p><p>Le pr\u00e9sent site internet est \u00e9dit\u00e9 par :\u00a0<b>Comit\u00e9 de Coop\u00e9ration avec le Laos (CCL)<\/b><br \/>Association fran\u00e7aise de loi 1901 reconnue d\u2019int\u00e9r\u00eat g\u00e9n\u00e9ral<br \/>N\u00b0 Siret : 381 757 814 00052<br \/>Si\u00e8ge social : 3 impasse Bourgoin, 75013 Paris, France<br \/>T\u00e9l\u00e9phone : + 33 (0)1 44 85 74 60<br \/>Email: &#x70;&#x61;&#114;&#105;s&#x40;&#x63;&#x63;&#108;&#45;l&#x61;&#x6f;&#x73;&#46;&#111;r&#x67;<\/p><p>Directeur de la publication : <b>Jean-Pierre Katz<\/b>, Pr\u00e9sident du CCL<\/p><p><b>HEBERGEUR<\/b><\/p><p>Le site est h\u00e9berg\u00e9 par : Hosting.com<br \/>Adresse :<span class=\"Apple-converted-space\">\u00a0<\/span>A2 Hosting, LLC - 1201 North Market Street - Suite 111-N73 - Wilmington, DE 19801 USA<\/p><p><b>PROPRIETE INTELLECTUELLE<\/b><\/p><p>La marque <b>Comit\u00e9 de Coop\u00e9ration avec le Laos<\/b>, le logo, les noms de domaine et l\u2019ensemble du site <b>ccl-laos.org,<\/b>, ainsi que les textes, illustrations, graphiques, photographies et contenus multim\u00e9dia qui le composent sont la propri\u00e9t\u00e9 de l\u2019association Comit\u00e9 de Coop\u00e9ration avec le Laos ou sont utilis\u00e9s par le CCL avec l\u2019accord des titulaires des droits concern\u00e9s.<\/p><p>A ce titre, ils sont prot\u00e9g\u00e9s par la l\u00e9gislation fran\u00e7aise, europ\u00e9enne et internationale relative \u00e0 la propri\u00e9t\u00e9 intellectuelle.<\/p><p>Toute reproduction, repr\u00e9sentation, modification ou utilisation, totale ou partielle, du site ou de l\u2019un de ses \u00e9l\u00e9ments, \u00e0 des fins commerciales ou publiques, est strictement interdite sans autorisation \u00e9crite pr\u00e9alable du CCL.<\/p><p>Toute reproduction \u00e0 des fins priv\u00e9es ou non commerciales devra obligatoirement mentionner la source : <b>Comit\u00e9 de Coop\u00e9ration avec le Laos (CCL)<\/b> ou le titulaire des droits concern\u00e9s.<\/p><p><b>DECHARGE DE RESPONSABILITE<\/b><\/p><p>Les informations et documents accessibles sur le site sont fournis \u00e0 titre purement informatif et ne pr\u00e9sentent aucun caract\u00e8re exhaustif.<\/p><p>Le CCL ne saurait \u00eatre tenu responsable du contenu des sites tiers accessibles via des liens hypertextes pr\u00e9sents sur le site, ces derniers n\u2019\u00e9tant pas sous son contr\u00f4le.<\/p><p>Le CCL d\u00e9cline toute responsabilit\u00e9 en cas de difficult\u00e9 d\u2019acc\u00e8s, d\u2019interruption ou de dysfonctionnement du site.<\/p><p>Le CCL se r\u00e9serve le droit de modifier, suspendre ou interrompre l\u2019acc\u00e8s \u00e0 tout ou partie du site <b>ccl-laos.org,<\/b> \u00e0 tout moment et sans pr\u00e9avis.<\/p><p><b>DONNEES PERSONNELLES<\/b><\/p><p>Les informations relatives \u00e0 la collecte et au traitement des donn\u00e9es personnelles sont d\u00e9taill\u00e9es dans la page <b>\u00ab Politique de confidentialit\u00e9 \u00bb<\/b>, accessible depuis le site.<\/p><p><b>CONTACT<\/b><\/p><p>Pour toute question relative au site, vous pouvez nous contacter \u00e0 l\u2019adresse suivante : <b>&#112;&#x61;&#114;&#x69;&#115;&#x40;&#99;&#x63;&#108;&#x2d;&#108;&#x61;&#111;&#x73;&#46;&#x6f;&#114;&#x67;<\/b><\/p>\t\t\t\t\t\t\t\t<\/div>\n\t\t\t\t<\/div>\n\t\t\t\t\t<\/div>\n\t\t<\/div>\n\t\t\t\t\t<\/div>\n\t\t<\/section>\n\t\t\t\t<\/div>","protected":false},"excerpt":{"rendered":"<p>LEGAL NOTICE \u00a0 WEBSITE PUBLISHER This website is published by:\u00a0Comit\u00e9 de Coop\u00e9ration avec le Laos (CCL)French non-profit association governed by the French Law of 1901 and recognized as being of public interestSIRET number: 381 757 814 00052Registered office: 3 impasse Bourgoin, 75013 Paris, FranceTelephone: +33 (0)1 44 85 74 60Email: &#112;&#x61;&#x72;i&#115;&#x40;c&#99;&#x6c;&#x2d;&#108;&#x61;&#x6f;s&#46;&#x6f;r&#103; Director of publication: Jean-Pierre [&hellip;]<\/p>","protected":false},"author":11,"featured_media":0,"parent":0,"menu_order":0,"comment_status":"closed","ping_status":"open","template":"","meta":{"_acf_changed":false,"footnotes":""},"class_list":["post-10961","page","type-page","status-publish","hentry"],"acf":[],"_links":{"self":[{"href":"https:\/\/ccl-laos.org\/fr\/wp-json\/wp\/v2\/pages\/10961","targetHints":{"allow":["GET"]}}],"collection":[{"href":"https:\/\/ccl-laos.org\/fr\/wp-json\/wp\/v2\/pages"}],"about":[{"href":"https:\/\/ccl-laos.org\/fr\/wp-json\/wp\/v2\/types\/page"}],"author":[{"embeddable":true,"href":"https:\/\/ccl-laos.org\/fr\/wp-json\/wp\/v2\/users\/11"}],"replies":[{"embeddable":true,"href":"https:\/\/ccl-laos.org\/fr\/wp-json\/wp\/v2\/comments?post=10961"}],"version-history":[{"count":10,"href":"https:\/\/ccl-laos.org\/fr\/wp-json\/wp\/v2\/pages\/10961\/revisions"}],"predecessor-version":[{"id":11154,"href":"https:\/\/ccl-laos.org\/fr\/wp-json\/wp\/v2\/pages\/10961\/revisions\/11154"}],"wp:attachment":[{"href":"https:\/\/ccl-laos.org\/fr\/wp-json\/wp\/v2\/media?parent=10961"}],"curies":[{"name":"wp","href":"https:\/\/api.w.org\/{rel}","templated":true}]}}