{"id":10956,"date":"2026-03-16T04:06:33","date_gmt":"2026-03-15T21:06:33","guid":{"rendered":"https:\/\/ccl-laos.org\/?page_id=10956"},"modified":"2026-03-21T23:54:52","modified_gmt":"2026-03-21T16:54:52","slug":"cookie-policy","status":"publish","type":"page","link":"https:\/\/ccl-laos.org\/fr\/cookie-policy\/","title":{"rendered":"Cookie Policy"},"content":{"rendered":"<style><\/style>\t\t<div data-elementor-type=\"wp-page\" data-elementor-id=\"10956\" class=\"elementor elementor-10956\" data-elementor-settings=\"{&quot;jkit_pro_custom_cursor_toggle&quot;:false,&quot;ha_cmc_init_switcher&quot;:&quot;no&quot;}\" data-elementor-post-type=\"page\">\n\t\t\t\t\t\t<section class=\"elementor-section elementor-top-section elementor-element elementor-element-18f0131e elementor-section-boxed elementor-section-height-default elementor-section-height-default\" data-id=\"18f0131e\" data-element_type=\"section\" data-e-type=\"section\" data-settings=\"{&quot;jet_parallax_layout_list&quot;:[],&quot;jkit_pro_background_motion_effects_toggle&quot;:0,&quot;_ha_eqh_enable&quot;:false,&quot;jkit_pro_custom_cursor_toggle&quot;:false,&quot;jkit_pro_parallax_effects_toggle&quot;:0,&quot;jkit_pro_mouse_effects_toggle&quot;:0}\">\n\t\t\t\t\t\t<div class=\"elementor-container elementor-column-gap-default\">\n\t\t\t\t\t<div class=\"elementor-column elementor-col-100 elementor-top-column elementor-element elementor-element-1c19bd0a\" data-id=\"1c19bd0a\" data-element_type=\"column\" data-e-type=\"column\" data-settings=\"{&quot;jkit_pro_background_motion_effects_toggle&quot;:0,&quot;jkit_pro_custom_cursor_toggle&quot;:false,&quot;jkit_pro_parallax_effects_toggle&quot;:0,&quot;jkit_pro_mouse_effects_toggle&quot;:0}\">\n\t\t\t<div class=\"elementor-widget-wrap elementor-element-populated\">\n\t\t\t\t\t\t<div class=\"elementor-element elementor-element-4c60acf6 elementor-widget elementor-widget-text-editor\" data-id=\"4c60acf6\" data-element_type=\"widget\" data-e-type=\"widget\" data-settings=\"{&quot;jkit_pro_custom_cursor_toggle&quot;:false,&quot;jkit_pro_parallax_effects_toggle&quot;:0,&quot;jkit_pro_mouse_effects_toggle&quot;:0}\" data-widget_type=\"text-editor.default\">\n\t\t\t\t<div class=\"elementor-widget-container\">\n\t\t\t\t\t\t\t\t\t<p style=\"text-align: center;\"><b>POLITIQUE DE COOKIES<\/b><\/p><p>\u00a0<\/p><p><b>UTILISATION DES COOKIES<\/b><\/p><p>Le site <b>ccl-laos.org,<\/b> utilise des cookies. Un cookie est un petit fichier texte d\u00e9pos\u00e9 sur votre terminal (ordinateur, tablette, t\u00e9l\u00e9phone) lors de la consultation du site et renvoy\u00e9 automatiquement lors de vos visites ult\u00e9rieures.<\/p><p>Les cookies permettent notamment d\u2019assurer le bon fonctionnement du site, de faciliter la navigation et de mesurer l\u2019audience afin d\u2019am\u00e9liorer les contenus propos\u00e9s. Certains cookies sont strictement n\u00e9cessaires au fonctionnement du site. D\u2019autres peuvent \u00eatre utilis\u00e9s \u00e0 des fins de mesure d\u2019audience ou de lecture de contenus multim\u00e9dias, sous r\u00e9serve de votre consentement.<\/p><p><b>COOKIES DE MESURE D\u2019AUDIENCE ET CONTENUS TIERS<\/b><\/p><p>Le site peut utiliser des outils de mesure d\u2019audience afin d\u2019analyser l\u2019utilisation du site (pages consult\u00e9es, dur\u00e9e de visite) et d\u2019en am\u00e9liorer les performances. Les donn\u00e9es collect\u00e9es sont trait\u00e9es de mani\u00e8re agr\u00e9g\u00e9e et ne permettent pas d\u2019identifier personnellement les utilisateurs.<\/p><p>Des contenus h\u00e9berg\u00e9s par des services tiers (tels que des vid\u00e9os) peuvent \u00e9galement d\u00e9poser des cookies, sous r\u00e9serve de votre consentement.<\/p><p><b>GESTION DE VOTRE CONSENTEMENT<\/b><\/p><p>Lors de votre premi\u00e8re visite sur le site, un bandeau vous informe de l\u2019utilisation des cookies et vous permet d\u2019accepter, de refuser ou de param\u00e9trer leur utilisation. Vous pouvez modifier vos choix \u00e0 tout moment via le module de gestion des cookies accessible depuis le site.<\/p><p>Le refus de certains cookies peut entra\u00eener une d\u00e9gradation du fonctionnement de certaines fonctionnalit\u00e9s du site.<\/p><p><b>CONTACT<\/b><\/p><p>Pour toute question relative \u00e0 l\u2019utilisation des cookies, vous pouvez contacter le CCL \u00e0 l\u2019adresse suivante :<span class=\"Apple-converted-space\">\u00a0 <\/span><b>&#x70;&#x61;&#x72;&#x69;&#115;&#64;&#99;cl&#x2d;&#x6c;&#x61;&#x6f;&#x73;&#46;&#111;&#114;g<\/b><b><\/b><\/p>\t\t\t\t\t\t\t\t<\/div>\n\t\t\t\t<\/div>\n\t\t\t\t\t<\/div>\n\t\t<\/div>\n\t\t\t\t\t<\/div>\n\t\t<\/section>\n\t\t\t\t<\/div>","protected":false},"excerpt":{"rendered":"<p>COOKIE POLICY \u00a0 USE OF COOKIES The website ccl-laos.org uses cookies. A cookie is a small text file placed on your device (computer, tablet or mobile phone) when you visit the website and automatically sent back during subsequent visits. Cookies are used in particular to ensure the proper functioning of the website, facilitate navigation and [&hellip;]<\/p>","protected":false},"author":11,"featured_media":0,"parent":0,"menu_order":0,"comment_status":"closed","ping_status":"open","template":"","meta":{"_acf_changed":false,"footnotes":""},"class_list":["post-10956","page","type-page","status-publish","hentry"],"acf":[],"_links":{"self":[{"href":"https:\/\/ccl-laos.org\/fr\/wp-json\/wp\/v2\/pages\/10956","targetHints":{"allow":["GET"]}}],"collection":[{"href":"https:\/\/ccl-laos.org\/fr\/wp-json\/wp\/v2\/pages"}],"about":[{"href":"https:\/\/ccl-laos.org\/fr\/wp-json\/wp\/v2\/types\/page"}],"author":[{"embeddable":true,"href":"https:\/\/ccl-laos.org\/fr\/wp-json\/wp\/v2\/users\/11"}],"replies":[{"embeddable":true,"href":"https:\/\/ccl-laos.org\/fr\/wp-json\/wp\/v2\/comments?post=10956"}],"version-history":[{"count":10,"href":"https:\/\/ccl-laos.org\/fr\/wp-json\/wp\/v2\/pages\/10956\/revisions"}],"predecessor-version":[{"id":11139,"href":"https:\/\/ccl-laos.org\/fr\/wp-json\/wp\/v2\/pages\/10956\/revisions\/11139"}],"wp:attachment":[{"href":"https:\/\/ccl-laos.org\/fr\/wp-json\/wp\/v2\/media?parent=10956"}],"curies":[{"name":"wp","href":"https:\/\/api.w.org\/{rel}","templated":true}]}}